{"id":736,"date":"2021-02-24T07:31:49","date_gmt":"2021-02-24T07:31:49","guid":{"rendered":"https:\/\/alquilautosolam.com\/index.php\/contact\/"},"modified":"2023-10-30T13:13:43","modified_gmt":"2023-10-30T13:13:43","slug":"contacto","status":"publish","type":"page","link":"https:\/\/alquilautosolam.com\/index.php\/contacto\/","title":{"rendered":"CONTACTO"},"content":{"rendered":"\t\t<div data-elementor-type=\"wp-page\" data-elementor-id=\"736\" class=\"elementor elementor-736\">\n\t\t\t\t\t\t<section class=\"elementor-section elementor-top-section elementor-element elementor-element-d506922 elementor-section-boxed elementor-section-height-default elementor-section-height-default\" data-id=\"d506922\" data-element_type=\"section\" data-settings=\"{&quot;background_background&quot;:&quot;classic&quot;}\">\n\t\t\t\t\t\t\t<div class=\"elementor-background-overlay\"><\/div>\n\t\t\t\t\t\t\t<div class=\"elementor-container elementor-column-gap-no\">\n\t\t\t\t\t<div class=\"elementor-column elementor-col-50 elementor-top-column elementor-element elementor-element-eef7b65\" data-id=\"eef7b65\" data-element_type=\"column\">\n\t\t\t<div class=\"elementor-widget-wrap elementor-element-populated\">\n\t\t\t\t\t\t<div class=\"elementor-element elementor-element-b78bdb5 elementor-widget elementor-widget-heading\" data-id=\"b78bdb5\" data-element_type=\"widget\" data-widget_type=\"heading.default\">\n\t\t\t\t<div class=\"elementor-widget-container\">\n\t\t\t\t\t<h1 class=\"elementor-heading-title elementor-size-default\">Contacto<\/h1>\t\t\t\t<\/div>\n\t\t\t\t<\/div>\n\t\t\t\t<div class=\"elementor-element elementor-element-972cf59 elementor-widget elementor-widget-text-editor\" data-id=\"972cf59\" data-element_type=\"widget\" data-widget_type=\"text-editor.default\">\n\t\t\t\t<div class=\"elementor-widget-container\">\n\t\t\t\t\t\t\t\t\t<p>Cont\u00e1ctenos por los diferentes medios disponibles, en Alquilautosolam ser\u00e1 un placer atenderle.<\/p>\t\t\t\t\t\t\t\t<\/div>\n\t\t\t\t<\/div>\n\t\t\t\t<div class=\"elementor-element elementor-element-8ecc1d5 elementor-view-stacked elementor-position-left elementor-shape-square elementor-mobile-position-top elementor-vertical-align-top elementor-widget elementor-widget-icon-box\" data-id=\"8ecc1d5\" data-element_type=\"widget\" data-widget_type=\"icon-box.default\">\n\t\t\t\t<div class=\"elementor-widget-container\">\n\t\t\t\t\t\t\t<div class=\"elementor-icon-box-wrapper\">\n\n\t\t\t\t\t\t<div class=\"elementor-icon-box-icon\">\n\t\t\t\t<span  class=\"elementor-icon\">\n\t\t\t\t<i aria-hidden=\"true\" class=\"fas fa-map-marker-alt\"><\/i>\t\t\t\t<\/span>\n\t\t\t<\/div>\n\t\t\t\n\t\t\t\t\t\t<div class=\"elementor-icon-box-content\">\n\n\t\t\t\t\t\t\t\t\t<h6 class=\"elementor-icon-box-title\">\n\t\t\t\t\t\t<span  >\n\t\t\t\t\t\t\tUBICACI\u00d3N\t\t\t\t\t\t<\/span>\n\t\t\t\t\t<\/h6>\n\t\t\t\t\n\t\t\t\t\t\t\t\t\t<p class=\"elementor-icon-box-description\">\n\t\t\t\t\t\tCalle 45 # 120 - 35 | Sede Principal | Cali - Valle del Cauca\t\t\t\t\t<\/p>\n\t\t\t\t\n\t\t\t<\/div>\n\t\t\t\n\t\t<\/div>\n\t\t\t\t\t\t<\/div>\n\t\t\t\t<\/div>\n\t\t\t\t<div class=\"elementor-element elementor-element-ee6264d elementor-view-stacked elementor-position-left elementor-shape-square elementor-mobile-position-top elementor-vertical-align-top elementor-widget elementor-widget-icon-box\" data-id=\"ee6264d\" data-element_type=\"widget\" data-widget_type=\"icon-box.default\">\n\t\t\t\t<div class=\"elementor-widget-container\">\n\t\t\t\t\t\t\t<div class=\"elementor-icon-box-wrapper\">\n\n\t\t\t\t\t\t<div class=\"elementor-icon-box-icon\">\n\t\t\t\t<span  class=\"elementor-icon\">\n\t\t\t\t<i aria-hidden=\"true\" class=\"fas fa-map-marker-alt\"><\/i>\t\t\t\t<\/span>\n\t\t\t<\/div>\n\t\t\t\n\t\t\t\t\t\t<div class=\"elementor-icon-box-content\">\n\n\t\t\t\t\n\t\t\t\t\t\t\t\t\t<p class=\"elementor-icon-box-description\">\n\t\t\t\t\t\tCarrera  81B # 48A-56 | Medell\u00edn - Antioquia\t\t\t\t\t<\/p>\n\t\t\t\t\n\t\t\t<\/div>\n\t\t\t\n\t\t<\/div>\n\t\t\t\t\t\t<\/div>\n\t\t\t\t<\/div>\n\t\t\t\t<div class=\"elementor-element elementor-element-2910e63 elementor-view-stacked elementor-position-left elementor-shape-square elementor-mobile-position-top elementor-vertical-align-top elementor-widget elementor-widget-icon-box\" data-id=\"2910e63\" data-element_type=\"widget\" data-widget_type=\"icon-box.default\">\n\t\t\t\t<div class=\"elementor-widget-container\">\n\t\t\t\t\t\t\t<div class=\"elementor-icon-box-wrapper\">\n\n\t\t\t\t\t\t<div class=\"elementor-icon-box-icon\">\n\t\t\t\t<span  class=\"elementor-icon\">\n\t\t\t\t<i aria-hidden=\"true\" class=\"fas fa-map-marker-alt\"><\/i>\t\t\t\t<\/span>\n\t\t\t<\/div>\n\t\t\t\n\t\t\t\t\t\t<div class=\"elementor-icon-box-content\">\n\n\t\t\t\t\n\t\t\t\t\t\t\t\t\t<p class=\"elementor-icon-box-description\">\n\t\t\t\t\t\tAvenida 18 # 1A-12 siglo XXI | C\u00facuta - Norte de Santander\t\t\t\t\t<\/p>\n\t\t\t\t\n\t\t\t<\/div>\n\t\t\t\n\t\t<\/div>\n\t\t\t\t\t\t<\/div>\n\t\t\t\t<\/div>\n\t\t\t\t<div class=\"elementor-element elementor-element-42b8b4b elementor-view-stacked elementor-position-left elementor-shape-square elementor-mobile-position-top elementor-vertical-align-top elementor-widget elementor-widget-icon-box\" data-id=\"42b8b4b\" data-element_type=\"widget\" data-widget_type=\"icon-box.default\">\n\t\t\t\t<div class=\"elementor-widget-container\">\n\t\t\t\t\t\t\t<div class=\"elementor-icon-box-wrapper\">\n\n\t\t\t\t\t\t<div class=\"elementor-icon-box-icon\">\n\t\t\t\t<span  class=\"elementor-icon\">\n\t\t\t\t<i aria-hidden=\"true\" class=\"fas fa-phone-alt\"><\/i>\t\t\t\t<\/span>\n\t\t\t<\/div>\n\t\t\t\n\t\t\t\t\t\t<div class=\"elementor-icon-box-content\">\n\n\t\t\t\t\t\t\t\t\t<h6 class=\"elementor-icon-box-title\">\n\t\t\t\t\t\t<span  >\n\t\t\t\t\t\t\tCELULAR\t\t\t\t\t\t<\/span>\n\t\t\t\t\t<\/h6>\n\t\t\t\t\n\t\t\t\t\t\t\t\t\t<p class=\"elementor-icon-box-description\">\n\t\t\t\t\t\t312 362 2189\t\t\t\t\t<\/p>\n\t\t\t\t\n\t\t\t<\/div>\n\t\t\t\n\t\t<\/div>\n\t\t\t\t\t\t<\/div>\n\t\t\t\t<\/div>\n\t\t\t\t<div class=\"elementor-element elementor-element-d1a2da3 elementor-view-stacked elementor-position-left elementor-shape-square elementor-mobile-position-top elementor-vertical-align-top elementor-widget elementor-widget-icon-box\" data-id=\"d1a2da3\" data-element_type=\"widget\" data-widget_type=\"icon-box.default\">\n\t\t\t\t<div class=\"elementor-widget-container\">\n\t\t\t\t\t\t\t<div class=\"elementor-icon-box-wrapper\">\n\n\t\t\t\t\t\t<div class=\"elementor-icon-box-icon\">\n\t\t\t\t<span  class=\"elementor-icon\">\n\t\t\t\t<i aria-hidden=\"true\" class=\"fas fa-envelope\"><\/i>\t\t\t\t<\/span>\n\t\t\t<\/div>\n\t\t\t\n\t\t\t\t\t\t<div class=\"elementor-icon-box-content\">\n\n\t\t\t\t\t\t\t\t\t<h6 class=\"elementor-icon-box-title\">\n\t\t\t\t\t\t<span  >\n\t\t\t\t\t\t\tEmail\t\t\t\t\t\t<\/span>\n\t\t\t\t\t<\/h6>\n\t\t\t\t\n\t\t\t\t\t\t\t\t\t<p class=\"elementor-icon-box-description\">\n\t\t\t\t\t\tvehiculos@alquilautosolam.com \t\t\t\t\t<\/p>\n\t\t\t\t\n\t\t\t<\/div>\n\t\t\t\n\t\t<\/div>\n\t\t\t\t\t\t<\/div>\n\t\t\t\t<\/div>\n\t\t\t\t\t<\/div>\n\t\t<\/div>\n\t\t\t\t<div class=\"elementor-column elementor-col-50 elementor-top-column elementor-element elementor-element-4da384b\" data-id=\"4da384b\" data-element_type=\"column\">\n\t\t\t<div class=\"elementor-widget-wrap\">\n\t\t\t\t\t\t\t<\/div>\n\t\t<\/div>\n\t\t\t\t\t<\/div>\n\t\t<\/section>\n\t\t\t\t<section class=\"elementor-section elementor-top-section elementor-element elementor-element-c3af004 elementor-hidden-desktop elementor-section-boxed elementor-section-height-default elementor-section-height-default\" data-id=\"c3af004\" data-element_type=\"section\" data-settings=\"{&quot;background_background&quot;:&quot;classic&quot;}\">\n\t\t\t\t\t\t<div class=\"elementor-container elementor-column-gap-default\">\n\t\t\t\t\t<div class=\"elementor-column elementor-col-100 elementor-top-column elementor-element elementor-element-88ed8e3\" data-id=\"88ed8e3\" data-element_type=\"column\">\n\t\t\t<div class=\"elementor-widget-wrap\">\n\t\t\t\t\t\t\t<\/div>\n\t\t<\/div>\n\t\t\t\t\t<\/div>\n\t\t<\/section>\n\t\t\t\t<section class=\"elementor-section elementor-top-section elementor-element elementor-element-4e8b429 elementor-section-height-min-height elementor-section-boxed elementor-section-height-default elementor-section-items-middle\" data-id=\"4e8b429\" data-element_type=\"section\" data-settings=\"{&quot;background_background&quot;:&quot;gradient&quot;}\">\n\t\t\t\t\t\t<div class=\"elementor-container elementor-column-gap-default\">\n\t\t\t\t\t<div class=\"elementor-column elementor-col-100 elementor-top-column elementor-element elementor-element-807a8d2\" data-id=\"807a8d2\" data-element_type=\"column\">\n\t\t\t<div class=\"elementor-widget-wrap elementor-element-populated\">\n\t\t\t\t\t\t<div class=\"elementor-element elementor-element-a2769ed elementor-widget elementor-widget-heading\" data-id=\"a2769ed\" data-element_type=\"widget\" data-widget_type=\"heading.default\">\n\t\t\t\t<div class=\"elementor-widget-container\">\n\t\t\t\t\t<h6 class=\"elementor-heading-title elementor-size-default\">\u00a1RESERVA TU AUTO o MOTO YA!<\/h6>\t\t\t\t<\/div>\n\t\t\t\t<\/div>\n\t\t\t\t<div class=\"elementor-element elementor-element-9e63a77 elementor-align-center elementor-widget elementor-widget-button\" data-id=\"9e63a77\" data-element_type=\"widget\" data-widget_type=\"button.default\">\n\t\t\t\t<div class=\"elementor-widget-container\">\n\t\t\t\t\t\t\t\t\t<div class=\"elementor-button-wrapper\">\n\t\t\t\t\t<a class=\"elementor-button elementor-button-link elementor-size-sm\" href=\"https:\/\/alquilautosolam.com\/index.php\/reserva\/\">\n\t\t\t\t\t\t<span class=\"elementor-button-content-wrapper\">\n\t\t\t\t\t\t<span class=\"elementor-button-icon\">\n\t\t\t\t<i aria-hidden=\"true\" class=\"far fa-calendar-alt\"><\/i>\t\t\t<\/span>\n\t\t\t\t\t\t\t\t\t<span class=\"elementor-button-text\">SOLICITAR RESERVA<\/span>\n\t\t\t\t\t<\/span>\n\t\t\t\t\t<\/a>\n\t\t\t\t<\/div>\n\t\t\t\t\t\t\t\t<\/div>\n\t\t\t\t<\/div>\n\t\t\t\t\t<\/div>\n\t\t<\/div>\n\t\t\t\t\t<\/div>\n\t\t<\/section>\n\t\t\t\t<\/div>\n\t\t","protected":false},"excerpt":{"rendered":"<p>Contacto Cont\u00e1ctenos por los diferentes medios disponibles, en Alquilautosolam ser\u00e1 un placer atenderle. UBICACI\u00d3N Calle 45 # 120 &#8211; 35 | Sede Principal | Cali &#8211; Valle del Cauca Carrera 81B # 48A-56 | Medell\u00edn &#8211; Antioquia Avenida 18 # 1A-12 siglo XXI | C\u00facuta &#8211; Norte de Santander CELULAR 312 362 2189 Email vehiculos@alquilautosolam.com &hellip;<\/p>\n<p class=\"read-more\"> <a class=\"\" href=\"https:\/\/alquilautosolam.com\/index.php\/contacto\/\"> <span class=\"screen-reader-text\">CONTACTO<\/span> Leer m\u00e1s &raquo;<\/a><\/p>\n","protected":false},"author":1,"featured_media":0,"parent":0,"menu_order":0,"comment_status":"closed","ping_status":"open","template":"","meta":{"footnotes":""},"class_list":["post-736","page","type-page","status-publish","hentry"],"yoast_head":"<!-- This site is optimized with the Yoast SEO plugin v17.8 - https:\/\/yoast.com\/wordpress\/plugins\/seo\/ -->\n<title>CONTACTO &gt; Business Coaching &amp; Consulting<\/title>\n<meta name=\"robots\" content=\"index, follow, max-snippet:-1, max-image-preview:large, max-video-preview:-1\" \/>\n<link rel=\"canonical\" href=\"https:\/\/alquilautosolam.com\/index.php\/contacto\/\" \/>\n<meta property=\"og:locale\" content=\"es_ES\" \/>\n<meta property=\"og:type\" content=\"article\" \/>\n<meta property=\"og:title\" content=\"CONTACTO &gt; Business Coaching &amp; Consulting\" \/>\n<meta property=\"og:description\" content=\"Contacto Cont\u00e1ctenos por los diferentes medios disponibles, en Alquilautosolam ser\u00e1 un placer atenderle. UBICACI\u00d3N Calle 45 # 120 &#8211; 35 | Sede Principal | Cali &#8211; Valle del Cauca Carrera 81B # 48A-56 | Medell\u00edn &#8211; Antioquia Avenida 18 # 1A-12 siglo XXI | C\u00facuta &#8211; Norte de Santander CELULAR 312 362 2189 Email vehiculos@alquilautosolam.com &hellip; CONTACTO Leer m\u00e1s &raquo;\" \/>\n<meta property=\"og:url\" content=\"https:\/\/alquilautosolam.com\/index.php\/contacto\/\" \/>\n<meta property=\"og:site_name\" content=\"Business Coaching &amp; Consulting\" \/>\n<meta property=\"article:modified_time\" content=\"2023-10-30T13:13:43+00:00\" \/>\n<meta name=\"twitter:card\" content=\"summary_large_image\" \/>\n<meta name=\"twitter:label1\" content=\"Tiempo de lectura\" \/>\n\t<meta name=\"twitter:data1\" content=\"17 minutos\" \/>\n<script type=\"application\/ld+json\" class=\"yoast-schema-graph\">{\"@context\":\"https:\/\/schema.org\",\"@graph\":[{\"@type\":\"Organization\",\"@id\":\"https:\/\/alquilautosolam.com\/#organization\",\"name\":\"Alquilautosolam\",\"url\":\"https:\/\/alquilautosolam.com\/\",\"sameAs\":[],\"logo\":{\"@type\":\"ImageObject\",\"@id\":\"https:\/\/alquilautosolam.com\/#logo\",\"inLanguage\":\"es\",\"url\":\"https:\/\/alquilautosolam.com\/wp-content\/uploads\/2021\/04\/logosolam.jpeg\",\"contentUrl\":\"https:\/\/alquilautosolam.com\/wp-content\/uploads\/2021\/04\/logosolam.jpeg\",\"width\":673,\"height\":247,\"caption\":\"Alquilautosolam\"},\"image\":{\"@id\":\"https:\/\/alquilautosolam.com\/#logo\"}},{\"@type\":\"WebSite\",\"@id\":\"https:\/\/alquilautosolam.com\/#website\",\"url\":\"https:\/\/alquilautosolam.com\/\",\"name\":\"Alquilautosolam\",\"description\":\"Business Coaching &amp; Consulting Website\",\"publisher\":{\"@id\":\"https:\/\/alquilautosolam.com\/#organization\"},\"potentialAction\":[{\"@type\":\"SearchAction\",\"target\":{\"@type\":\"EntryPoint\",\"urlTemplate\":\"https:\/\/alquilautosolam.com\/?s={search_term_string}\"},\"query-input\":\"required name=search_term_string\"}],\"inLanguage\":\"es\"},{\"@type\":\"WebPage\",\"@id\":\"https:\/\/alquilautosolam.com\/index.php\/contacto\/#webpage\",\"url\":\"https:\/\/alquilautosolam.com\/index.php\/contacto\/\",\"name\":\"CONTACTO &gt; Business Coaching &amp; Consulting\",\"isPartOf\":{\"@id\":\"https:\/\/alquilautosolam.com\/#website\"},\"datePublished\":\"2021-02-24T07:31:49+00:00\",\"dateModified\":\"2023-10-30T13:13:43+00:00\",\"breadcrumb\":{\"@id\":\"https:\/\/alquilautosolam.com\/index.php\/contacto\/#breadcrumb\"},\"inLanguage\":\"es\",\"potentialAction\":[{\"@type\":\"ReadAction\",\"target\":[\"https:\/\/alquilautosolam.com\/index.php\/contacto\/\"]}]},{\"@type\":\"BreadcrumbList\",\"@id\":\"https:\/\/alquilautosolam.com\/index.php\/contacto\/#breadcrumb\",\"itemListElement\":[{\"@type\":\"ListItem\",\"position\":1,\"name\":\"Portada\",\"item\":\"https:\/\/alquilautosolam.com\/\"},{\"@type\":\"ListItem\",\"position\":2,\"name\":\"CONTACTO\"}]}]}<\/script>\n<!-- \/ Yoast SEO plugin. -->","yoast_head_json":{"title":"CONTACTO &gt; Business Coaching &amp; Consulting","robots":{"index":"index","follow":"follow","max-snippet":"max-snippet:-1","max-image-preview":"max-image-preview:large","max-video-preview":"max-video-preview:-1"},"canonical":"https:\/\/alquilautosolam.com\/index.php\/contacto\/","og_locale":"es_ES","og_type":"article","og_title":"CONTACTO &gt; Business Coaching &amp; Consulting","og_description":"Contacto Cont\u00e1ctenos por los diferentes medios disponibles, en Alquilautosolam ser\u00e1 un placer atenderle. UBICACI\u00d3N Calle 45 # 120 &#8211; 35 | Sede Principal | Cali &#8211; Valle del Cauca Carrera 81B # 48A-56 | Medell\u00edn &#8211; Antioquia Avenida 18 # 1A-12 siglo XXI | C\u00facuta &#8211; Norte de Santander CELULAR 312 362 2189 Email vehiculos@alquilautosolam.com &hellip; CONTACTO Leer m\u00e1s &raquo;","og_url":"https:\/\/alquilautosolam.com\/index.php\/contacto\/","og_site_name":"Business Coaching &amp; Consulting","article_modified_time":"2023-10-30T13:13:43+00:00","twitter_card":"summary_large_image","twitter_misc":{"Tiempo de lectura":"17 minutos"},"schema":{"@context":"https:\/\/schema.org","@graph":[{"@type":"Organization","@id":"https:\/\/alquilautosolam.com\/#organization","name":"Alquilautosolam","url":"https:\/\/alquilautosolam.com\/","sameAs":[],"logo":{"@type":"ImageObject","@id":"https:\/\/alquilautosolam.com\/#logo","inLanguage":"es","url":"https:\/\/alquilautosolam.com\/wp-content\/uploads\/2021\/04\/logosolam.jpeg","contentUrl":"https:\/\/alquilautosolam.com\/wp-content\/uploads\/2021\/04\/logosolam.jpeg","width":673,"height":247,"caption":"Alquilautosolam"},"image":{"@id":"https:\/\/alquilautosolam.com\/#logo"}},{"@type":"WebSite","@id":"https:\/\/alquilautosolam.com\/#website","url":"https:\/\/alquilautosolam.com\/","name":"Alquilautosolam","description":"Business Coaching &amp; Consulting Website","publisher":{"@id":"https:\/\/alquilautosolam.com\/#organization"},"potentialAction":[{"@type":"SearchAction","target":{"@type":"EntryPoint","urlTemplate":"https:\/\/alquilautosolam.com\/?s={search_term_string}"},"query-input":"required name=search_term_string"}],"inLanguage":"es"},{"@type":"WebPage","@id":"https:\/\/alquilautosolam.com\/index.php\/contacto\/#webpage","url":"https:\/\/alquilautosolam.com\/index.php\/contacto\/","name":"CONTACTO &gt; Business Coaching &amp; Consulting","isPartOf":{"@id":"https:\/\/alquilautosolam.com\/#website"},"datePublished":"2021-02-24T07:31:49+00:00","dateModified":"2023-10-30T13:13:43+00:00","breadcrumb":{"@id":"https:\/\/alquilautosolam.com\/index.php\/contacto\/#breadcrumb"},"inLanguage":"es","potentialAction":[{"@type":"ReadAction","target":["https:\/\/alquilautosolam.com\/index.php\/contacto\/"]}]},{"@type":"BreadcrumbList","@id":"https:\/\/alquilautosolam.com\/index.php\/contacto\/#breadcrumb","itemListElement":[{"@type":"ListItem","position":1,"name":"Portada","item":"https:\/\/alquilautosolam.com\/"},{"@type":"ListItem","position":2,"name":"CONTACTO"}]}]}},"_links":{"self":[{"href":"https:\/\/alquilautosolam.com\/index.php\/wp-json\/wp\/v2\/pages\/736"}],"collection":[{"href":"https:\/\/alquilautosolam.com\/index.php\/wp-json\/wp\/v2\/pages"}],"about":[{"href":"https:\/\/alquilautosolam.com\/index.php\/wp-json\/wp\/v2\/types\/page"}],"author":[{"embeddable":true,"href":"https:\/\/alquilautosolam.com\/index.php\/wp-json\/wp\/v2\/users\/1"}],"replies":[{"embeddable":true,"href":"https:\/\/alquilautosolam.com\/index.php\/wp-json\/wp\/v2\/comments?post=736"}],"version-history":[{"count":100,"href":"https:\/\/alquilautosolam.com\/index.php\/wp-json\/wp\/v2\/pages\/736\/revisions"}],"predecessor-version":[{"id":2428,"href":"https:\/\/alquilautosolam.com\/index.php\/wp-json\/wp\/v2\/pages\/736\/revisions\/2428"}],"wp:attachment":[{"href":"https:\/\/alquilautosolam.com\/index.php\/wp-json\/wp\/v2\/media?parent=736"}],"curies":[{"name":"wp","href":"https:\/\/api.w.org\/{rel}","templated":true}]}}