{"id":1832,"date":"2021-04-15T20:29:41","date_gmt":"2021-04-15T20:29:41","guid":{"rendered":"https:\/\/alquilautosolam.com\/?page_id=1832"},"modified":"2021-04-15T20:42:52","modified_gmt":"2021-04-15T20:42:52","slug":"politica-de-privacidad","status":"publish","type":"page","link":"https:\/\/alquilautosolam.com\/index.php\/politica-de-privacidad\/","title":{"rendered":"POLITICA DE PRIVACIDAD"},"content":{"rendered":"\t\t<div data-elementor-type=\"wp-page\" data-elementor-id=\"1832\" class=\"elementor elementor-1832\">\n\t\t\t\t\t\t<section class=\"elementor-section elementor-top-section elementor-element elementor-element-eec0acb elementor-section-height-min-height elementor-section-boxed elementor-section-height-default elementor-section-items-middle\" data-id=\"eec0acb\" data-element_type=\"section\" data-settings=\"{&quot;background_background&quot;:&quot;classic&quot;}\">\n\t\t\t\t\t\t\t<div class=\"elementor-background-overlay\"><\/div>\n\t\t\t\t\t\t\t<div class=\"elementor-container elementor-column-gap-no\">\n\t\t\t\t\t<div class=\"elementor-column elementor-col-100 elementor-top-column elementor-element elementor-element-4999278\" data-id=\"4999278\" data-element_type=\"column\">\n\t\t\t<div class=\"elementor-widget-wrap elementor-element-populated\">\n\t\t\t\t\t\t<div class=\"elementor-element elementor-element-fec0466 elementor-widget elementor-widget-heading\" data-id=\"fec0466\" data-element_type=\"widget\" data-widget_type=\"heading.default\">\n\t\t\t\t<div class=\"elementor-widget-container\">\n\t\t\t\t\t<h1 class=\"elementor-heading-title elementor-size-default\">politica de privacidad<\/h1>\t\t\t\t<\/div>\n\t\t\t\t<\/div>\n\t\t\t\t\t<\/div>\n\t\t<\/div>\n\t\t\t\t\t<\/div>\n\t\t<\/section>\n\t\t\t\t<section class=\"elementor-section elementor-top-section elementor-element elementor-element-4544409 elementor-section-boxed elementor-section-height-default elementor-section-height-default\" data-id=\"4544409\" data-element_type=\"section\" data-settings=\"{&quot;background_background&quot;:&quot;classic&quot;}\">\n\t\t\t\t\t\t<div class=\"elementor-container elementor-column-gap-default\">\n\t\t\t\t\t<div class=\"elementor-column elementor-col-100 elementor-top-column elementor-element elementor-element-533c28f\" data-id=\"533c28f\" data-element_type=\"column\">\n\t\t\t<div class=\"elementor-widget-wrap\">\n\t\t\t\t\t\t\t<\/div>\n\t\t<\/div>\n\t\t\t\t\t<\/div>\n\t\t<\/section>\n\t\t\t\t<section class=\"elementor-section elementor-top-section elementor-element elementor-element-dbd7930 elementor-section-boxed elementor-section-height-default elementor-section-height-default\" data-id=\"dbd7930\" data-element_type=\"section\" data-settings=\"{&quot;background_background&quot;:&quot;classic&quot;}\">\n\t\t\t\t\t\t<div class=\"elementor-container elementor-column-gap-no\">\n\t\t\t\t\t<div class=\"elementor-column elementor-col-100 elementor-top-column elementor-element elementor-element-512eea0\" data-id=\"512eea0\" data-element_type=\"column\">\n\t\t\t<div class=\"elementor-widget-wrap elementor-element-populated\">\n\t\t\t\t\t\t<section class=\"elementor-section elementor-inner-section elementor-element elementor-element-7dc7293 elementor-section-content-bottom elementor-section-boxed elementor-section-height-default elementor-section-height-default\" data-id=\"7dc7293\" data-element_type=\"section\">\n\t\t\t\t\t\t<div class=\"elementor-container elementor-column-gap-no\">\n\t\t\t\t\t<div class=\"elementor-column elementor-col-100 elementor-inner-column elementor-element elementor-element-7a1cf7c\" data-id=\"7a1cf7c\" data-element_type=\"column\">\n\t\t\t<div class=\"elementor-widget-wrap elementor-element-populated\">\n\t\t\t\t\t\t<div class=\"elementor-element elementor-element-0db8cac elementor-widget elementor-widget-heading\" data-id=\"0db8cac\" data-element_type=\"widget\" data-widget_type=\"heading.default\">\n\t\t\t\t<div class=\"elementor-widget-container\">\n\t\t\t\t\t<h6 class=\"elementor-heading-title elementor-size-default\">alquilautosolam<\/h6>\t\t\t\t<\/div>\n\t\t\t\t<\/div>\n\t\t\t\t<div class=\"elementor-element elementor-element-05932dd elementor-widget elementor-widget-text-editor\" data-id=\"05932dd\" data-element_type=\"widget\" data-widget_type=\"text-editor.default\">\n\t\t\t\t<div class=\"elementor-widget-container\">\n\t\t\t\t\t\t\t\t\t<p><strong>INFORMACI\u00d3N GENERAL<\/strong><\/p><p>La direcci\u00f3n de nuestra web es: https:\/\/alquilautosolam.com<\/p><p>Qu\u00e9 datos personales recogemos y por qu\u00e9 medio los recogemos<\/p><p>Datos:<\/p><p>-Nombre, Email, y Tel\u00e9fono.<\/p><p>Medios:<\/p><p>-Formularios de contacto.<br \/>-Cookies.<\/p><p>Cuando accedas a nuestro sitio Web,\u00a0 instalaremos varias cookies para guardar tu informaci\u00f3n de acceso y ofrecerte una mejor experiencia de navegaci\u00f3n.<\/p><p>Contenido incrustado de otros sitios Web:<\/p><p>Los art\u00edculos de este sitio pueden incluir contenido incrustado (por ejemplo, v\u00eddeos, im\u00e1genes, art\u00edculos, etc.). El contenido incrustado de otras webs se comporta exactamente de la misma manera que si el visitante hubiera visitado la otra web.<br \/>Estas web pueden recopilar datos sobre ti, utilizar cookies, incrustar un seguimiento adicional de terceros, y supervisar tu interacci\u00f3n con ese contenido incrustado, incluido el seguimiento de tu interacci\u00f3n con el contenido incrustado si\u00a0 conectado a esa web.<\/p><p>Anal\u00edtica:<\/p><p>Con qui\u00e9n compartimos tus datos:<br \/>Tus datos pueden ser compartidos con terceros, y se utilizan para enviarte propuestas comerciales a las direcciones de correo o n\u00fameros de tel\u00e9fono proporcionados en los formularios de contacto que voluntariamente hallas rellenado.<\/p><p>Cu\u00e1nto tiempo conservamos tus datos:<\/p><p>Por el tiempo que permanezca el sitio Web activo, a menos que nos notifiques tu intenci\u00f3n de eliminar dichos datos.<\/p><p>Qu\u00e9 derechos tienes sobre tus datos:<\/p><p>\u00a0Puedes solicitar que eliminemos cualquier dato personal que tengamos sobre ti. Esto no incluye ning\u00fan dato que estemos obligados a conservar con fines administrativos, legales o de seguridad.<\/p>\t\t\t\t\t\t\t\t<\/div>\n\t\t\t\t<\/div>\n\t\t\t\t\t<\/div>\n\t\t<\/div>\n\t\t\t\t\t<\/div>\n\t\t<\/section>\n\t\t\t\t\t<\/div>\n\t\t<\/div>\n\t\t\t\t\t<\/div>\n\t\t<\/section>\n\t\t\t\t<\/div>\n\t\t","protected":false},"excerpt":{"rendered":"<p>politica de privacidad INICIO VEHICULOS ACERCA DE CONTACTO alquilautosolam INFORMACI\u00d3N GENERAL La direcci\u00f3n de nuestra web es: https:\/\/alquilautosolam.com Qu\u00e9 datos personales recogemos y por qu\u00e9 medio los recogemos Datos: -Nombre, Email, y Tel\u00e9fono. Medios: -Formularios de contacto.-Cookies. Cuando accedas a nuestro sitio Web,\u00a0 instalaremos varias cookies para guardar tu informaci\u00f3n de acceso y ofrecerte una &hellip;<\/p>\n<p class=\"read-more\"> <a class=\"\" href=\"https:\/\/alquilautosolam.com\/index.php\/politica-de-privacidad\/\"> <span class=\"screen-reader-text\">POLITICA DE PRIVACIDAD<\/span> Leer m\u00e1s &raquo;<\/a><\/p>\n","protected":false},"author":1,"featured_media":0,"parent":0,"menu_order":0,"comment_status":"closed","ping_status":"closed","template":"","meta":{"footnotes":""},"class_list":["post-1832","page","type-page","status-publish","hentry"],"yoast_head":"<!-- This site is optimized with the Yoast SEO plugin v17.8 - https:\/\/yoast.com\/wordpress\/plugins\/seo\/ -->\n<title>POLITICA DE PRIVACIDAD &gt; Business Coaching &amp; Consulting<\/title>\n<meta name=\"robots\" content=\"index, follow, max-snippet:-1, max-image-preview:large, max-video-preview:-1\" \/>\n<link rel=\"canonical\" href=\"https:\/\/alquilautosolam.com\/index.php\/politica-de-privacidad\/\" \/>\n<meta property=\"og:locale\" content=\"es_ES\" \/>\n<meta property=\"og:type\" content=\"article\" \/>\n<meta property=\"og:title\" content=\"POLITICA DE PRIVACIDAD &gt; Business Coaching &amp; Consulting\" \/>\n<meta property=\"og:description\" content=\"politica de privacidad INICIO VEHICULOS ACERCA DE CONTACTO alquilautosolam INFORMACI\u00d3N GENERAL La direcci\u00f3n de nuestra web es: https:\/\/alquilautosolam.com Qu\u00e9 datos personales recogemos y por qu\u00e9 medio los recogemos Datos: -Nombre, Email, y Tel\u00e9fono. Medios: -Formularios de contacto.-Cookies. Cuando accedas a nuestro sitio Web,\u00a0 instalaremos varias cookies para guardar tu informaci\u00f3n de acceso y ofrecerte una &hellip; POLITICA DE PRIVACIDAD Leer m\u00e1s &raquo;\" \/>\n<meta property=\"og:url\" content=\"https:\/\/alquilautosolam.com\/index.php\/politica-de-privacidad\/\" \/>\n<meta property=\"og:site_name\" content=\"Business Coaching &amp; Consulting\" \/>\n<meta property=\"article:modified_time\" content=\"2021-04-15T20:42:52+00:00\" \/>\n<meta name=\"twitter:card\" content=\"summary_large_image\" \/>\n<meta name=\"twitter:label1\" content=\"Tiempo de lectura\" \/>\n\t<meta name=\"twitter:data1\" content=\"4 minutos\" \/>\n<script type=\"application\/ld+json\" class=\"yoast-schema-graph\">{\"@context\":\"https:\/\/schema.org\",\"@graph\":[{\"@type\":\"Organization\",\"@id\":\"https:\/\/alquilautosolam.com\/#organization\",\"name\":\"Alquilautosolam\",\"url\":\"https:\/\/alquilautosolam.com\/\",\"sameAs\":[],\"logo\":{\"@type\":\"ImageObject\",\"@id\":\"https:\/\/alquilautosolam.com\/#logo\",\"inLanguage\":\"es\",\"url\":\"https:\/\/alquilautosolam.com\/wp-content\/uploads\/2021\/04\/logosolam.jpeg\",\"contentUrl\":\"https:\/\/alquilautosolam.com\/wp-content\/uploads\/2021\/04\/logosolam.jpeg\",\"width\":673,\"height\":247,\"caption\":\"Alquilautosolam\"},\"image\":{\"@id\":\"https:\/\/alquilautosolam.com\/#logo\"}},{\"@type\":\"WebSite\",\"@id\":\"https:\/\/alquilautosolam.com\/#website\",\"url\":\"https:\/\/alquilautosolam.com\/\",\"name\":\"Alquilautosolam\",\"description\":\"Business Coaching &amp; Consulting Website\",\"publisher\":{\"@id\":\"https:\/\/alquilautosolam.com\/#organization\"},\"potentialAction\":[{\"@type\":\"SearchAction\",\"target\":{\"@type\":\"EntryPoint\",\"urlTemplate\":\"https:\/\/alquilautosolam.com\/?s={search_term_string}\"},\"query-input\":\"required name=search_term_string\"}],\"inLanguage\":\"es\"},{\"@type\":\"WebPage\",\"@id\":\"https:\/\/alquilautosolam.com\/index.php\/politica-de-privacidad\/#webpage\",\"url\":\"https:\/\/alquilautosolam.com\/index.php\/politica-de-privacidad\/\",\"name\":\"POLITICA DE PRIVACIDAD &gt; Business Coaching &amp; Consulting\",\"isPartOf\":{\"@id\":\"https:\/\/alquilautosolam.com\/#website\"},\"datePublished\":\"2021-04-15T20:29:41+00:00\",\"dateModified\":\"2021-04-15T20:42:52+00:00\",\"breadcrumb\":{\"@id\":\"https:\/\/alquilautosolam.com\/index.php\/politica-de-privacidad\/#breadcrumb\"},\"inLanguage\":\"es\",\"potentialAction\":[{\"@type\":\"ReadAction\",\"target\":[\"https:\/\/alquilautosolam.com\/index.php\/politica-de-privacidad\/\"]}]},{\"@type\":\"BreadcrumbList\",\"@id\":\"https:\/\/alquilautosolam.com\/index.php\/politica-de-privacidad\/#breadcrumb\",\"itemListElement\":[{\"@type\":\"ListItem\",\"position\":1,\"name\":\"Portada\",\"item\":\"https:\/\/alquilautosolam.com\/\"},{\"@type\":\"ListItem\",\"position\":2,\"name\":\"POLITICA DE PRIVACIDAD\"}]}]}<\/script>\n<!-- \/ Yoast SEO plugin. -->","yoast_head_json":{"title":"POLITICA DE PRIVACIDAD &gt; Business Coaching &amp; Consulting","robots":{"index":"index","follow":"follow","max-snippet":"max-snippet:-1","max-image-preview":"max-image-preview:large","max-video-preview":"max-video-preview:-1"},"canonical":"https:\/\/alquilautosolam.com\/index.php\/politica-de-privacidad\/","og_locale":"es_ES","og_type":"article","og_title":"POLITICA DE PRIVACIDAD &gt; Business Coaching &amp; Consulting","og_description":"politica de privacidad INICIO VEHICULOS ACERCA DE CONTACTO alquilautosolam INFORMACI\u00d3N GENERAL La direcci\u00f3n de nuestra web es: https:\/\/alquilautosolam.com Qu\u00e9 datos personales recogemos y por qu\u00e9 medio los recogemos Datos: -Nombre, Email, y Tel\u00e9fono. Medios: -Formularios de contacto.-Cookies. Cuando accedas a nuestro sitio Web,\u00a0 instalaremos varias cookies para guardar tu informaci\u00f3n de acceso y ofrecerte una &hellip; POLITICA DE PRIVACIDAD Leer m\u00e1s &raquo;","og_url":"https:\/\/alquilautosolam.com\/index.php\/politica-de-privacidad\/","og_site_name":"Business Coaching &amp; Consulting","article_modified_time":"2021-04-15T20:42:52+00:00","twitter_card":"summary_large_image","twitter_misc":{"Tiempo de lectura":"4 minutos"},"schema":{"@context":"https:\/\/schema.org","@graph":[{"@type":"Organization","@id":"https:\/\/alquilautosolam.com\/#organization","name":"Alquilautosolam","url":"https:\/\/alquilautosolam.com\/","sameAs":[],"logo":{"@type":"ImageObject","@id":"https:\/\/alquilautosolam.com\/#logo","inLanguage":"es","url":"https:\/\/alquilautosolam.com\/wp-content\/uploads\/2021\/04\/logosolam.jpeg","contentUrl":"https:\/\/alquilautosolam.com\/wp-content\/uploads\/2021\/04\/logosolam.jpeg","width":673,"height":247,"caption":"Alquilautosolam"},"image":{"@id":"https:\/\/alquilautosolam.com\/#logo"}},{"@type":"WebSite","@id":"https:\/\/alquilautosolam.com\/#website","url":"https:\/\/alquilautosolam.com\/","name":"Alquilautosolam","description":"Business Coaching &amp; Consulting Website","publisher":{"@id":"https:\/\/alquilautosolam.com\/#organization"},"potentialAction":[{"@type":"SearchAction","target":{"@type":"EntryPoint","urlTemplate":"https:\/\/alquilautosolam.com\/?s={search_term_string}"},"query-input":"required name=search_term_string"}],"inLanguage":"es"},{"@type":"WebPage","@id":"https:\/\/alquilautosolam.com\/index.php\/politica-de-privacidad\/#webpage","url":"https:\/\/alquilautosolam.com\/index.php\/politica-de-privacidad\/","name":"POLITICA DE PRIVACIDAD &gt; Business Coaching &amp; Consulting","isPartOf":{"@id":"https:\/\/alquilautosolam.com\/#website"},"datePublished":"2021-04-15T20:29:41+00:00","dateModified":"2021-04-15T20:42:52+00:00","breadcrumb":{"@id":"https:\/\/alquilautosolam.com\/index.php\/politica-de-privacidad\/#breadcrumb"},"inLanguage":"es","potentialAction":[{"@type":"ReadAction","target":["https:\/\/alquilautosolam.com\/index.php\/politica-de-privacidad\/"]}]},{"@type":"BreadcrumbList","@id":"https:\/\/alquilautosolam.com\/index.php\/politica-de-privacidad\/#breadcrumb","itemListElement":[{"@type":"ListItem","position":1,"name":"Portada","item":"https:\/\/alquilautosolam.com\/"},{"@type":"ListItem","position":2,"name":"POLITICA DE PRIVACIDAD"}]}]}},"_links":{"self":[{"href":"https:\/\/alquilautosolam.com\/index.php\/wp-json\/wp\/v2\/pages\/1832"}],"collection":[{"href":"https:\/\/alquilautosolam.com\/index.php\/wp-json\/wp\/v2\/pages"}],"about":[{"href":"https:\/\/alquilautosolam.com\/index.php\/wp-json\/wp\/v2\/types\/page"}],"author":[{"embeddable":true,"href":"https:\/\/alquilautosolam.com\/index.php\/wp-json\/wp\/v2\/users\/1"}],"replies":[{"embeddable":true,"href":"https:\/\/alquilautosolam.com\/index.php\/wp-json\/wp\/v2\/comments?post=1832"}],"version-history":[{"count":4,"href":"https:\/\/alquilautosolam.com\/index.php\/wp-json\/wp\/v2\/pages\/1832\/revisions"}],"predecessor-version":[{"id":1836,"href":"https:\/\/alquilautosolam.com\/index.php\/wp-json\/wp\/v2\/pages\/1832\/revisions\/1836"}],"wp:attachment":[{"href":"https:\/\/alquilautosolam.com\/index.php\/wp-json\/wp\/v2\/media?parent=1832"}],"curies":[{"name":"wp","href":"https:\/\/api.w.org\/{rel}","templated":true}]}}